{"id":814,"date":"2023-02-08T18:10:34","date_gmt":"2023-02-08T17:10:34","guid":{"rendered":"https:\/\/lamilpa.fr\/boutique\/?post_type=product&#038;p=814"},"modified":"2025-03-14T12:26:23","modified_gmt":"2025-03-14T11:26:23","slug":"sorbier-noir","status":"publish","type":"product","link":"https:\/\/lamilpa.fr\/boutique\/produit\/sorbier-noir\/","title":{"rendered":"Sorbier noir"},"content":{"rendered":"<p style=\"text-align: center;\"><em>Sorbus melanocarpa<\/em><\/p>\n<p>Le sorbier noir, de la famille des Rosac\u00e9es, est un ligneux d&#8217;origine d&#8217;Am\u00e9rique du Nord. Celui-ci donne des petits fruits noirs, ayant un go\u00fbt un peu aigre et astringent. Il est donc conseill\u00e9 de les consommer avec du sucre ou d&#8217;autres fruits pour les adoucir.<\/p>\n<p>Ils sont aussi reconnus pour leurs bienfaits antioxydants.<\/p>\n<p><span style=\"text-decoration: underline;\">Hauteur<\/span> : 1 \u00e0 2 m<\/p>\n<p><span style=\"text-decoration: underline;\">Largueur<\/span> : 2 \u00e0 3 m<\/p>\n<p><span style=\"text-decoration: underline;\">Autre nom<\/span> : Aronia melanocarpa \/ Aronie<\/p>\n","protected":false},"excerpt":{"rendered":"<p>Sorbus melanocarpa Le sorbier noir, de la famille des Rosac\u00e9es, est un ligneux d&#8217;origine d&#8217;Am\u00e9rique du Nord. Celui-ci donne des petits fruits noirs, ayant un&#8230;  <a href=\"https:\/\/lamilpa.fr\/boutique\/produit\/sorbier-noir\/\" title=\"ReadSorbier noir\" class=\"readmore\">En savoir plus<\/a><\/p>\n","protected":false},"featured_media":1072,"template":"","meta":{"_acf_changed":false},"product_brand":[],"product_cat":[78,31],"product_tag":[],"class_list":{"0":"post-814","1":"product","2":"type-product","3":"status-publish","4":"has-post-thumbnail","6":"product_cat-petits-fruits-petits-fruits","7":"product_cat-petits-fruits","8":"last-post","10":"first","11":"instock","12":"taxable","13":"shipping-taxable","14":"purchasable","15":"product-type-simple"},"acf":[],"_links":{"self":[{"href":"https:\/\/lamilpa.fr\/boutique\/wp-json\/wp\/v2\/product\/814","targetHints":{"allow":["GET"]}}],"collection":[{"href":"https:\/\/lamilpa.fr\/boutique\/wp-json\/wp\/v2\/product"}],"about":[{"href":"https:\/\/lamilpa.fr\/boutique\/wp-json\/wp\/v2\/types\/product"}],"wp:featuredmedia":[{"embeddable":true,"href":"https:\/\/lamilpa.fr\/boutique\/wp-json\/wp\/v2\/media\/1072"}],"wp:attachment":[{"href":"https:\/\/lamilpa.fr\/boutique\/wp-json\/wp\/v2\/media?parent=814"}],"wp:term":[{"taxonomy":"product_brand","embeddable":true,"href":"https:\/\/lamilpa.fr\/boutique\/wp-json\/wp\/v2\/product_brand?post=814"},{"taxonomy":"product_cat","embeddable":true,"href":"https:\/\/lamilpa.fr\/boutique\/wp-json\/wp\/v2\/product_cat?post=814"},{"taxonomy":"product_tag","embeddable":true,"href":"https:\/\/lamilpa.fr\/boutique\/wp-json\/wp\/v2\/product_tag?post=814"}],"curies":[{"name":"wp","href":"https:\/\/api.w.org\/{rel}","templated":true}]}}