{"id":565,"date":"2022-11-16T13:17:16","date_gmt":"2022-11-16T12:17:16","guid":{"rendered":"https:\/\/lamilpa.fr\/boutique\/?post_type=product&#038;p=565"},"modified":"2026-03-10T07:57:44","modified_gmt":"2026-03-10T06:57:44","slug":"chevrefeuille-comestible","status":"publish","type":"product","link":"https:\/\/lamilpa.fr\/boutique\/produit\/chevrefeuille-comestible\/","title":{"rendered":"Ch\u00e8vrefeuille comestible"},"content":{"rendered":"<p style=\"text-align: center;\"><em>Lonicera caerulea Edulis<\/em><\/p>\n<p>Arbuste buissonnant tr\u00e8s rustique, \u00e0 croissance rapide (taille adulte d\u00e8s 3 ans), bonne r\u00e9sistance aux maladies. Cette vari\u00e9t\u00e9 est une des tr\u00e8s rares \u00e0 produire des baies comestibles, parmi les premiers fruits \u00e0 m\u00fbrir au printemps, d\u00e8s la fin mai. Leurs fleurs jaune tr\u00e8s p\u00e2le sont mellif\u00e8res et apparaissent en mars.<\/p>\n<p>Ces baies, les camerises, sont d\u00e9licieuses, acidul\u00e9es, charnues, avec une saveur unique, proche de la myrtille. Elles sont bleues \u00e0 la chair pourpre. On peut les manger crues, ou en faire du jus, de la confiture&#8230; Elles sont r\u00e9put\u00e9es pour leurs propri\u00e9t\u00e9s antioxydantes et leur teneur \u00e9lev\u00e9e en vitamine A et C.<\/p>\n<p><span style=\"text-decoration: underline;\">Hauteur<\/span> : 1 \u00e0 2 m<\/p>\n<p><span style=\"text-decoration: underline;\">Envergure<\/span> : 0,5 \u00e0 1 m<\/p>\n<p><span style=\"text-decoration: underline;\">Autres noms<\/span> : &#8220;Baie de Mai&#8221;, &#8220;Cam\u00e9risier&#8221;, &#8220;Haskap&#8221;, &#8220;Cam\u00e9risier bleu&#8221;, &#8220;Ch\u00e8vrefeuille bleu&#8221;, &#8220;Ch\u00e8vrefeuille \u00e0 baies de miel&#8221;<\/p>\n","protected":false},"excerpt":{"rendered":"<p>Lonicera caerulea Edulis Arbuste buissonnant tr\u00e8s rustique, \u00e0 croissance rapide (taille adulte d\u00e8s 3 ans), bonne r\u00e9sistance aux maladies. Cette vari\u00e9t\u00e9 est une des tr\u00e8s&#8230;  <a href=\"https:\/\/lamilpa.fr\/boutique\/produit\/chevrefeuille-comestible\/\" title=\"ReadCh\u00e8vrefeuille comestible\" class=\"readmore\">En savoir plus<\/a><\/p>\n","protected":false},"featured_media":391,"template":"","meta":{"_acf_changed":false},"product_brand":[],"product_cat":[78],"product_tag":[],"class_list":{"0":"post-565","1":"product","2":"type-product","3":"status-publish","4":"has-post-thumbnail","6":"product_cat-petits-fruits-petits-fruits","7":"last-post","9":"first","10":"instock","11":"taxable","12":"shipping-taxable","13":"purchasable","14":"product-type-simple"},"acf":[],"_links":{"self":[{"href":"https:\/\/lamilpa.fr\/boutique\/wp-json\/wp\/v2\/product\/565","targetHints":{"allow":["GET"]}}],"collection":[{"href":"https:\/\/lamilpa.fr\/boutique\/wp-json\/wp\/v2\/product"}],"about":[{"href":"https:\/\/lamilpa.fr\/boutique\/wp-json\/wp\/v2\/types\/product"}],"wp:featuredmedia":[{"embeddable":true,"href":"https:\/\/lamilpa.fr\/boutique\/wp-json\/wp\/v2\/media\/391"}],"wp:attachment":[{"href":"https:\/\/lamilpa.fr\/boutique\/wp-json\/wp\/v2\/media?parent=565"}],"wp:term":[{"taxonomy":"product_brand","embeddable":true,"href":"https:\/\/lamilpa.fr\/boutique\/wp-json\/wp\/v2\/product_brand?post=565"},{"taxonomy":"product_cat","embeddable":true,"href":"https:\/\/lamilpa.fr\/boutique\/wp-json\/wp\/v2\/product_cat?post=565"},{"taxonomy":"product_tag","embeddable":true,"href":"https:\/\/lamilpa.fr\/boutique\/wp-json\/wp\/v2\/product_tag?post=565"}],"curies":[{"name":"wp","href":"https:\/\/api.w.org\/{rel}","templated":true}]}}