{"id":557,"date":"2022-11-15T12:20:01","date_gmt":"2022-11-15T11:20:01","guid":{"rendered":"https:\/\/lamilpa.fr\/boutique\/?post_type=product&#038;p=557"},"modified":"2026-04-17T10:24:08","modified_gmt":"2026-04-17T08:24:08","slug":"kiwai-issai","status":"publish","type":"product","link":"https:\/\/lamilpa.fr\/boutique\/produit\/kiwai-issai\/","title":{"rendered":"Kiwa\u00ef Issa\u00ef"},"content":{"rendered":"<p style=\"text-align: center\"><em>Actinidia arguta Autofertile &#8216;issa\u00ef&#8217;<\/em><\/p>\n<p>Le kiwa\u00ef est un cousin du kiwi \u00e0 la peau lisse, la vari\u00e9t\u00e9 Issa\u00ef est la seule qui soit autofertile (besoin d&#8217;un seul pied pour obtenir des fruits). C&#8217;est une liane vigoureuse, qui permettra d\u00e8s la deuxi\u00e8me ou troisi\u00e8me ann\u00e9e de r\u00e9colter de nombreux petits fruits \u00e0 la peau lisse et verte, l\u00e9g\u00e8rement teint\u00e9e de rouge, de 3 cm de diam\u00e8tre. Ils sont savoureux et se d\u00e9gustent \u00e0 la cueillette, sans besoin d&#8217;\u00e9plucher. Ils sont plus sucr\u00e9s et vitamin\u00e9s que les kiwis. La saveur des fruits du kiwa\u00ef rappelle celle de la groseille \u00e0 maquereau.<\/p>\n<p>C&#8217;est aussi une plante tr\u00e8s ornementale, au feuillage touffu et \u00e0 la floraison estivale parfum\u00e9e. \u00c0 palisser contre un treillage, un mur, un arceau&#8230;<\/p>\n<p>Le kiwa\u00ef \u00e9tant originaire de Sib\u00e9rie, il est tr\u00e8s rustique.<\/p>\n<p><span style=\"text-decoration: underline\">Envergure adulte<\/span> : 5m x 5m<\/p>\n<p><span style=\"text-decoration: underline\">Autres noms<\/span> : Kiwi de Sib\u00e9rie, Kiwi d&#8217;\u00e9t\u00e9<\/p>\n","protected":false},"excerpt":{"rendered":"<p>Actinidia arguta Autofertile &#8216;issa\u00ef&#8217; Le kiwa\u00ef est un cousin du kiwi \u00e0 la peau lisse, la vari\u00e9t\u00e9 Issa\u00ef est la seule qui soit autofertile (besoin&#8230;  <a href=\"https:\/\/lamilpa.fr\/boutique\/produit\/kiwai-issai\/\" title=\"ReadKiwa\u00ef Issa\u00ef\" class=\"readmore\">En savoir plus<\/a><\/p>\n","protected":false},"featured_media":393,"template":"","meta":{"_acf_changed":false},"product_brand":[],"product_cat":[78],"product_tag":[],"class_list":{"0":"post-557","1":"product","2":"type-product","3":"status-publish","4":"has-post-thumbnail","6":"product_cat-petits-fruits-petits-fruits","7":"last-post","9":"first","10":"instock","11":"sale","12":"taxable","13":"shipping-taxable","14":"purchasable","15":"product-type-simple"},"acf":[],"_links":{"self":[{"href":"https:\/\/lamilpa.fr\/boutique\/wp-json\/wp\/v2\/product\/557","targetHints":{"allow":["GET"]}}],"collection":[{"href":"https:\/\/lamilpa.fr\/boutique\/wp-json\/wp\/v2\/product"}],"about":[{"href":"https:\/\/lamilpa.fr\/boutique\/wp-json\/wp\/v2\/types\/product"}],"wp:featuredmedia":[{"embeddable":true,"href":"https:\/\/lamilpa.fr\/boutique\/wp-json\/wp\/v2\/media\/393"}],"wp:attachment":[{"href":"https:\/\/lamilpa.fr\/boutique\/wp-json\/wp\/v2\/media?parent=557"}],"wp:term":[{"taxonomy":"product_brand","embeddable":true,"href":"https:\/\/lamilpa.fr\/boutique\/wp-json\/wp\/v2\/product_brand?post=557"},{"taxonomy":"product_cat","embeddable":true,"href":"https:\/\/lamilpa.fr\/boutique\/wp-json\/wp\/v2\/product_cat?post=557"},{"taxonomy":"product_tag","embeddable":true,"href":"https:\/\/lamilpa.fr\/boutique\/wp-json\/wp\/v2\/product_tag?post=557"}],"curies":[{"name":"wp","href":"https:\/\/api.w.org\/{rel}","templated":true}]}}