{"id":556,"date":"2022-11-15T12:17:33","date_gmt":"2022-11-15T11:17:33","guid":{"rendered":"https:\/\/lamilpa.fr\/boutique\/?post_type=product&#038;p=556"},"modified":"2026-04-17T14:30:24","modified_gmt":"2026-04-17T12:30:24","slug":"myrtillier","status":"publish","type":"product","link":"https:\/\/lamilpa.fr\/boutique\/produit\/myrtillier\/","title":{"rendered":"Myrtillier"},"content":{"rendered":"<p style=\"text-align: center;\"><em>Vaccinium corymbosum &#8216;Bluecrop&#8221;<\/em><\/p>\n<p>Cette vari\u00e9t\u00e9 de Myrtillier &#8216;Bluecrop&#8217; autofertile et pr\u00e9coce est l&#8217;une des plus cultiv\u00e9es, en raison de sa productivit\u00e9 et de sa facilit\u00e9 de culture. Ses baies savoureuses arrivent \u00e0 maturit\u00e9 d\u00e8s juin, puis les r\u00e9coltes s&#8217;\u00e9talent jusqu&#8217;\u00e0 fin ao\u00fbt. \u00c0 d\u00e9guster frais ou apr\u00e8s cuisson.<\/p>\n<p>Se pare de couleurs magnifiques \u00e0 l&#8217;automne.<\/p>\n<p>Vari\u00e9t\u00e9 r\u00e9sistante aux maladies et \u00e0 la s\u00e9cheresse.<\/p>\n","protected":false},"excerpt":{"rendered":"<p>Vaccinium corymbosum &#8216;Bluecrop&#8221; Cette vari\u00e9t\u00e9 de Myrtillier &#8216;Bluecrop&#8217; autofertile et pr\u00e9coce est l&#8217;une des plus cultiv\u00e9es, en raison de sa productivit\u00e9 et de sa facilit\u00e9&#8230;  <a href=\"https:\/\/lamilpa.fr\/boutique\/produit\/myrtillier\/\" title=\"ReadMyrtillier\" class=\"readmore\">En savoir plus<\/a><\/p>\n","protected":false},"featured_media":474,"template":"","meta":{"_acf_changed":false},"product_brand":[],"product_cat":[78],"product_tag":[],"class_list":{"0":"post-556","1":"product","2":"type-product","3":"status-publish","4":"has-post-thumbnail","6":"product_cat-petits-fruits-petits-fruits","7":"last-post","9":"first","10":"instock","11":"taxable","12":"shipping-taxable","13":"purchasable","14":"product-type-simple"},"acf":[],"_links":{"self":[{"href":"https:\/\/lamilpa.fr\/boutique\/wp-json\/wp\/v2\/product\/556","targetHints":{"allow":["GET"]}}],"collection":[{"href":"https:\/\/lamilpa.fr\/boutique\/wp-json\/wp\/v2\/product"}],"about":[{"href":"https:\/\/lamilpa.fr\/boutique\/wp-json\/wp\/v2\/types\/product"}],"wp:featuredmedia":[{"embeddable":true,"href":"https:\/\/lamilpa.fr\/boutique\/wp-json\/wp\/v2\/media\/474"}],"wp:attachment":[{"href":"https:\/\/lamilpa.fr\/boutique\/wp-json\/wp\/v2\/media?parent=556"}],"wp:term":[{"taxonomy":"product_brand","embeddable":true,"href":"https:\/\/lamilpa.fr\/boutique\/wp-json\/wp\/v2\/product_brand?post=556"},{"taxonomy":"product_cat","embeddable":true,"href":"https:\/\/lamilpa.fr\/boutique\/wp-json\/wp\/v2\/product_cat?post=556"},{"taxonomy":"product_tag","embeddable":true,"href":"https:\/\/lamilpa.fr\/boutique\/wp-json\/wp\/v2\/product_tag?post=556"}],"curies":[{"name":"wp","href":"https:\/\/api.w.org\/{rel}","templated":true}]}}