{"id":307,"date":"2022-06-01T11:11:55","date_gmt":"2022-06-01T09:11:55","guid":{"rendered":"https:\/\/lamilpa.fr\/boutique\/produit\/cosmos-sensation\/"},"modified":"2026-04-17T16:32:33","modified_gmt":"2026-04-17T14:32:33","slug":"cosmos-sensation","status":"publish","type":"product","link":"https:\/\/lamilpa.fr\/boutique\/produit\/cosmos-sensation\/","title":{"rendered":"Cosmos"},"content":{"rendered":"<pre><\/pre>\n<p style=\"text-align: center;\"><em>Cosmos bipinnatus &#8220;Casanova&#8221;<\/em><\/p>\n<p>Le Cosmos est une plante annuelle \u00e0 la floraison longue, abondante et mellif\u00e8re, qui attire abeilles, bourdons et papillons. Elle poss\u00e8de un fort atout pour la biodiversit\u00e9 : si vous la laissez finir son cycle, produire ses graines puis s\u00e9cher, celle-ci nourrira les oiseaux granivores, comme les chardonnerets, les m\u00e9sanges, les gros-becs ou encore les sittelles.<\/p>\n<p>Son feuillage tr\u00e8s d\u00e9coup\u00e9 est fin, a\u00e9r\u00e9 et tr\u00e8s gracieux. Id\u00e9ale pour apporter du volume dans votre jardin ou sur votre balcon !<\/p>\n<p>Ses fleurs sont comestibles.<\/p>\n<p><span style=\"text-decoration: underline;\">Hauteur<\/span> : jusqu\u2019\u00e0 1,10 m<\/p>\n","protected":false},"excerpt":{"rendered":"<p>Cosmos bipinnatus &#8220;Casanova&#8221; Le Cosmos est une plante annuelle \u00e0 la floraison longue, abondante et mellif\u00e8re, qui attire abeilles, bourdons et papillons. Elle poss\u00e8de un&#8230;  <a href=\"https:\/\/lamilpa.fr\/boutique\/produit\/cosmos-sensation\/\" title=\"ReadCosmos\" class=\"readmore\">En savoir plus<\/a><\/p>\n","protected":false},"featured_media":1281,"template":"","meta":{"_acf_changed":false},"product_brand":[],"product_cat":[79],"product_tag":[],"class_list":{"0":"post-307","1":"product","2":"type-product","3":"status-publish","4":"has-post-thumbnail","6":"product_cat-fleurs","7":"last-post","9":"first","10":"instock","11":"taxable","12":"shipping-taxable","13":"purchasable","14":"product-type-simple"},"acf":[],"_links":{"self":[{"href":"https:\/\/lamilpa.fr\/boutique\/wp-json\/wp\/v2\/product\/307","targetHints":{"allow":["GET"]}}],"collection":[{"href":"https:\/\/lamilpa.fr\/boutique\/wp-json\/wp\/v2\/product"}],"about":[{"href":"https:\/\/lamilpa.fr\/boutique\/wp-json\/wp\/v2\/types\/product"}],"wp:featuredmedia":[{"embeddable":true,"href":"https:\/\/lamilpa.fr\/boutique\/wp-json\/wp\/v2\/media\/1281"}],"wp:attachment":[{"href":"https:\/\/lamilpa.fr\/boutique\/wp-json\/wp\/v2\/media?parent=307"}],"wp:term":[{"taxonomy":"product_brand","embeddable":true,"href":"https:\/\/lamilpa.fr\/boutique\/wp-json\/wp\/v2\/product_brand?post=307"},{"taxonomy":"product_cat","embeddable":true,"href":"https:\/\/lamilpa.fr\/boutique\/wp-json\/wp\/v2\/product_cat?post=307"},{"taxonomy":"product_tag","embeddable":true,"href":"https:\/\/lamilpa.fr\/boutique\/wp-json\/wp\/v2\/product_tag?post=307"}],"curies":[{"name":"wp","href":"https:\/\/api.w.org\/{rel}","templated":true}]}}