{"id":233,"date":"2022-06-01T11:11:09","date_gmt":"2022-06-01T09:11:09","guid":{"rendered":"https:\/\/lamilpa.fr\/boutique\/produit\/courge-musquee-de-provence\/"},"modified":"2026-03-04T16:48:50","modified_gmt":"2026-03-04T15:48:50","slug":"courge-musquee-de-provence","status":"publish","type":"product","link":"https:\/\/lamilpa.fr\/boutique\/produit\/courge-musquee-de-provence\/","title":{"rendered":"Courge Musqu\u00e9e de Provence"},"content":{"rendered":"<pre><em><span style=\"color: #ff6600;\">Pr\u00e9vu pour mi-mai 2026 - vente ouverte d\u00e8s disponibilit\u00e9.<\/span><\/em><\/pre>\n<p>&nbsp;<\/p>\n<p style=\"text-align: center;\"><em>Cucurbita moschata &#8211; Courge Musqu\u00e9e de Provence &#8211;<\/em><\/p>\n<p>La famille des courges musqu\u00e9es n&#8217;appartient ni aux citrouilles, ni aux potirons. Les courges musqu\u00e9es sont r\u00e9put\u00e9es pour leur chair tr\u00e8s parfum\u00e9e.<\/p>\n<p>La vari\u00e9t\u00e9 &#8220;musqu\u00e9e de Provence&#8221;, aussi appel\u00e9e &#8220;muscade&#8221;, est une vari\u00e9t\u00e9 ancienne tr\u00e8s coureuse produisant 2 \u00e0 5 fruits par pied, de 25 \u00e0 50 cm de diam\u00e8tre sur 16 \u00e0 30 cm de haut. Ses fruits p\u00e8sent en moyenne 5 \u00e0 10 kg.\u00a0 Ses larges feuilles en forme de c\u0153ur sont vert fonc\u00e9, marbr\u00e9es de blanc.<\/p>\n<p>La courge muscade a une chair orange, ferme et peu filandreuse, l\u00e9g\u00e8rement sucr\u00e9e et musqu\u00e9e, d&#8217;excellente qualit\u00e9. Bonne conservation.<\/p>\n<p>\u00c0 consommer en pur\u00e9e, gratin, potage, mais aussi en dessert et confiture.<\/p>\n<p><span style=\"text-decoration: underline;\">Autres noms<\/span> : Courge muscade \/ Potiron Bronze de Montlh\u00e9ry<\/p>\n<p>&nbsp;<\/p>\n","protected":false},"excerpt":{"rendered":"<p>Pr\u00e9vu pour mi-mai 2026 &#8211; vente ouverte d\u00e8s disponibilit\u00e9. &nbsp; Cucurbita moschata &#8211; Courge Musqu\u00e9e de Provence &#8211; La famille des courges musqu\u00e9es n&#8217;appartient ni&#8230;  <a href=\"https:\/\/lamilpa.fr\/boutique\/produit\/courge-musquee-de-provence\/\" title=\"ReadCourge Musqu\u00e9e de Provence\" class=\"readmore\">En savoir plus<\/a><\/p>\n","protected":false},"featured_media":1259,"template":"","meta":{"_acf_changed":false},"product_brand":[],"product_cat":[47,30],"product_tag":[],"class_list":{"0":"post-233","1":"product","2":"type-product","3":"status-publish","4":"has-post-thumbnail","6":"product_cat-courges","7":"product_cat-legumes","8":"last-post","10":"first","11":"outofstock","12":"taxable","13":"shipping-taxable","14":"purchasable","15":"product-type-simple"},"acf":[],"_links":{"self":[{"href":"https:\/\/lamilpa.fr\/boutique\/wp-json\/wp\/v2\/product\/233","targetHints":{"allow":["GET"]}}],"collection":[{"href":"https:\/\/lamilpa.fr\/boutique\/wp-json\/wp\/v2\/product"}],"about":[{"href":"https:\/\/lamilpa.fr\/boutique\/wp-json\/wp\/v2\/types\/product"}],"wp:featuredmedia":[{"embeddable":true,"href":"https:\/\/lamilpa.fr\/boutique\/wp-json\/wp\/v2\/media\/1259"}],"wp:attachment":[{"href":"https:\/\/lamilpa.fr\/boutique\/wp-json\/wp\/v2\/media?parent=233"}],"wp:term":[{"taxonomy":"product_brand","embeddable":true,"href":"https:\/\/lamilpa.fr\/boutique\/wp-json\/wp\/v2\/product_brand?post=233"},{"taxonomy":"product_cat","embeddable":true,"href":"https:\/\/lamilpa.fr\/boutique\/wp-json\/wp\/v2\/product_cat?post=233"},{"taxonomy":"product_tag","embeddable":true,"href":"https:\/\/lamilpa.fr\/boutique\/wp-json\/wp\/v2\/product_tag?post=233"}],"curies":[{"name":"wp","href":"https:\/\/api.w.org\/{rel}","templated":true}]}}