{"id":1524,"date":"2025-05-16T14:34:20","date_gmt":"2025-05-16T12:34:20","guid":{"rendered":"https:\/\/lamilpa.fr\/boutique\/?post_type=product&#038;p=1524"},"modified":"2026-03-10T15:12:30","modified_gmt":"2026-03-10T14:12:30","slug":"pasteque-sugar-baby","status":"publish","type":"product","link":"https:\/\/lamilpa.fr\/boutique\/produit\/pasteque-sugar-baby\/","title":{"rendered":"Past\u00e8que Sugar Baby"},"content":{"rendered":"<address><em><span style=\"color: #ff6600;\">Pr\u00e9vu pour d\u00e9but juin 2026 &#8211; vente ouverte d\u00e8s disponibilit\u00e9.<\/span><\/em><\/address>\n<address>\u00a0<\/address>\n<address>Fruits\u00a0de 3 \u00e0 4,5 kg de 20 cm de diam\u00e8tre.\u00a0<\/address>\n<address>Ecorce vert fonc\u00e9 \u00e0 noire.<\/address>\n<address>Chair rouge, juteuse, rafraichissante\u00a0 de saveur tr\u00e8s douve et sucr\u00e9e.\u00a0<\/address>\n<address>Graines de couleur noire peu nombreuses.\u00a0<\/address>\n","protected":false},"excerpt":{"rendered":"<p>Pr\u00e9vu pour d\u00e9but juin 2026 &#8211; vente ouverte d\u00e8s disponibilit\u00e9. \u00a0 Fruits\u00a0de 3 \u00e0 4,5 kg de 20 cm de diam\u00e8tre.\u00a0 Ecorce vert fonc\u00e9 \u00e0&#8230;  <a href=\"https:\/\/lamilpa.fr\/boutique\/produit\/pasteque-sugar-baby\/\" title=\"ReadPast\u00e8que Sugar Baby\" class=\"readmore\">En savoir plus<\/a><\/p>\n","protected":false},"featured_media":1526,"template":"","meta":{"_acf_changed":false},"product_brand":[],"product_cat":[30],"product_tag":[],"class_list":{"0":"post-1524","1":"product","2":"type-product","3":"status-publish","4":"has-post-thumbnail","6":"product_cat-legumes","7":"last-post","9":"first","10":"outofstock","11":"taxable","12":"shipping-taxable","13":"purchasable","14":"product-type-simple"},"acf":[],"_links":{"self":[{"href":"https:\/\/lamilpa.fr\/boutique\/wp-json\/wp\/v2\/product\/1524","targetHints":{"allow":["GET"]}}],"collection":[{"href":"https:\/\/lamilpa.fr\/boutique\/wp-json\/wp\/v2\/product"}],"about":[{"href":"https:\/\/lamilpa.fr\/boutique\/wp-json\/wp\/v2\/types\/product"}],"wp:featuredmedia":[{"embeddable":true,"href":"https:\/\/lamilpa.fr\/boutique\/wp-json\/wp\/v2\/media\/1526"}],"wp:attachment":[{"href":"https:\/\/lamilpa.fr\/boutique\/wp-json\/wp\/v2\/media?parent=1524"}],"wp:term":[{"taxonomy":"product_brand","embeddable":true,"href":"https:\/\/lamilpa.fr\/boutique\/wp-json\/wp\/v2\/product_brand?post=1524"},{"taxonomy":"product_cat","embeddable":true,"href":"https:\/\/lamilpa.fr\/boutique\/wp-json\/wp\/v2\/product_cat?post=1524"},{"taxonomy":"product_tag","embeddable":true,"href":"https:\/\/lamilpa.fr\/boutique\/wp-json\/wp\/v2\/product_tag?post=1524"}],"curies":[{"name":"wp","href":"https:\/\/api.w.org\/{rel}","templated":true}]}}