{"id":1271,"date":"2024-01-04T12:17:08","date_gmt":"2024-01-04T11:17:08","guid":{"rendered":"https:\/\/lamilpa.fr\/boutique\/?post_type=product&#038;p=1271"},"modified":"2026-04-10T15:58:00","modified_gmt":"2026-04-10T13:58:00","slug":"epinard-renegade","status":"publish","type":"product","link":"https:\/\/lamilpa.fr\/boutique\/produit\/epinard-renegade\/","title":{"rendered":"\u00c9pinard"},"content":{"rendered":"<p>Vari\u00e9t\u00e9 mi-pr\u00e9coce \u00e0 pousse lente, port de feuilles dress\u00e9. Adapt\u00e9e \u00e0 la culture de printemps et d&#8217;automne.<\/p>\n<p>Feuilles lisses et rondes, montaison tr\u00e8s tardive.<\/p>\n<p>Se consomme cuit ou cru.<\/p>\n<p>Riche en potassium, calcium, vitamine K et en fibres.<\/p>\n","protected":false},"excerpt":{"rendered":"<p>Vari\u00e9t\u00e9 mi-pr\u00e9coce \u00e0 pousse lente, port de feuilles dress\u00e9. Adapt\u00e9e \u00e0 la culture de printemps et d&#8217;automne. Feuilles lisses et rondes, montaison tr\u00e8s tardive. Se&#8230;  <a href=\"https:\/\/lamilpa.fr\/boutique\/produit\/epinard-renegade\/\" title=\"Read\u00c9pinard\" class=\"readmore\">En savoir plus<\/a><\/p>\n","protected":false},"featured_media":1270,"template":"","meta":{"_acf_changed":false},"product_brand":[],"product_cat":[30,69],"product_tag":[],"class_list":{"0":"post-1271","1":"product","2":"type-product","3":"status-publish","4":"has-post-thumbnail","6":"product_cat-legumes","7":"product_cat-epinards","8":"last-post","10":"first","11":"outofstock","12":"taxable","13":"shipping-taxable","14":"purchasable","15":"product-type-simple"},"acf":[],"_links":{"self":[{"href":"https:\/\/lamilpa.fr\/boutique\/wp-json\/wp\/v2\/product\/1271","targetHints":{"allow":["GET"]}}],"collection":[{"href":"https:\/\/lamilpa.fr\/boutique\/wp-json\/wp\/v2\/product"}],"about":[{"href":"https:\/\/lamilpa.fr\/boutique\/wp-json\/wp\/v2\/types\/product"}],"wp:featuredmedia":[{"embeddable":true,"href":"https:\/\/lamilpa.fr\/boutique\/wp-json\/wp\/v2\/media\/1270"}],"wp:attachment":[{"href":"https:\/\/lamilpa.fr\/boutique\/wp-json\/wp\/v2\/media?parent=1271"}],"wp:term":[{"taxonomy":"product_brand","embeddable":true,"href":"https:\/\/lamilpa.fr\/boutique\/wp-json\/wp\/v2\/product_brand?post=1271"},{"taxonomy":"product_cat","embeddable":true,"href":"https:\/\/lamilpa.fr\/boutique\/wp-json\/wp\/v2\/product_cat?post=1271"},{"taxonomy":"product_tag","embeddable":true,"href":"https:\/\/lamilpa.fr\/boutique\/wp-json\/wp\/v2\/product_tag?post=1271"}],"curies":[{"name":"wp","href":"https:\/\/api.w.org\/{rel}","templated":true}]}}