{"id":1136,"date":"2023-05-15T20:57:42","date_gmt":"2023-05-15T18:57:42","guid":{"rendered":"https:\/\/lamilpa.fr\/boutique\/?post_type=product&#038;p=1136"},"modified":"2026-03-10T15:13:14","modified_gmt":"2026-03-10T14:13:14","slug":"pasteque-crismon-sweet","status":"publish","type":"product","link":"https:\/\/lamilpa.fr\/boutique\/produit\/pasteque-crismon-sweet\/","title":{"rendered":"Past\u00e8que Crismon sweet"},"content":{"rendered":"<pre><em><span style=\"color: #ff6600;\">Pr\u00e9vu pour mi-mai 2026 - vente ouverte d\u00e8s disponibilit\u00e9.<\/span><\/em><\/pre>\n<p>&nbsp;<\/p>\n<p style=\"text-align: center;\"><em>Citrullus lanatus<\/em><\/p>\n<p>Vari\u00e9t\u00e9 mi-pr\u00e9cice. Friots ronds \u00e0 l\u00e9g\u00e8rement ocale de 5 \u00e0 10 kg.<\/p>\n<p>2corce verte stri\u00e9e de vert clair.<\/p>\n<p>&nbsp;<\/p>\n<p>Chair ferme, tr\u00e8s color\u00e9e et savoureuse.<\/p>\n<address>\u00a0<\/address>\n","protected":false},"excerpt":{"rendered":"<p>Pr\u00e9vu pour mi-mai 2026 &#8211; vente ouverte d\u00e8s disponibilit\u00e9. &nbsp; Citrullus lanatus Vari\u00e9t\u00e9 mi-pr\u00e9cice. Friots ronds \u00e0 l\u00e9g\u00e8rement ocale de 5 \u00e0 10 kg. 2corce&#8230;  <a href=\"https:\/\/lamilpa.fr\/boutique\/produit\/pasteque-crismon-sweet\/\" title=\"ReadPast\u00e8que Crismon sweet\" class=\"readmore\">En savoir plus<\/a><\/p>\n","protected":false},"featured_media":1137,"template":"","meta":{"_acf_changed":false},"product_brand":[],"product_cat":[30],"product_tag":[],"class_list":{"0":"post-1136","1":"product","2":"type-product","3":"status-publish","4":"has-post-thumbnail","6":"product_cat-legumes","7":"last-post","9":"first","10":"outofstock","11":"taxable","12":"shipping-taxable","13":"purchasable","14":"product-type-simple"},"acf":[],"_links":{"self":[{"href":"https:\/\/lamilpa.fr\/boutique\/wp-json\/wp\/v2\/product\/1136","targetHints":{"allow":["GET"]}}],"collection":[{"href":"https:\/\/lamilpa.fr\/boutique\/wp-json\/wp\/v2\/product"}],"about":[{"href":"https:\/\/lamilpa.fr\/boutique\/wp-json\/wp\/v2\/types\/product"}],"wp:featuredmedia":[{"embeddable":true,"href":"https:\/\/lamilpa.fr\/boutique\/wp-json\/wp\/v2\/media\/1137"}],"wp:attachment":[{"href":"https:\/\/lamilpa.fr\/boutique\/wp-json\/wp\/v2\/media?parent=1136"}],"wp:term":[{"taxonomy":"product_brand","embeddable":true,"href":"https:\/\/lamilpa.fr\/boutique\/wp-json\/wp\/v2\/product_brand?post=1136"},{"taxonomy":"product_cat","embeddable":true,"href":"https:\/\/lamilpa.fr\/boutique\/wp-json\/wp\/v2\/product_cat?post=1136"},{"taxonomy":"product_tag","embeddable":true,"href":"https:\/\/lamilpa.fr\/boutique\/wp-json\/wp\/v2\/product_tag?post=1136"}],"curies":[{"name":"wp","href":"https:\/\/api.w.org\/{rel}","templated":true}]}}